{"id":2815,"date":"2023-04-18T13:10:52","date_gmt":"2023-04-18T20:10:52","guid":{"rendered":"https:\/\/www.peeralilaw.com\/?page_id=2815"},"modified":"2026-01-06T03:19:11","modified_gmt":"2026-01-06T10:19:11","slug":"abogados-de-responsabilidad-civil-de-la-administracion-de-california","status":"publish","type":"page","link":"https:\/\/www.peeralilaw.com\/es\/areas-de-practica\/abogados-de-responsabilidad-civil-de-la-administracion-de-california\/","title":{"rendered":"Abogados de responsabilidad civil de la administraci\u00f3n de California"},"content":{"rendered":"<div class=\"wp-block-image\">\n<figure class=\"alignleft size-full is-resized\"><div class=\"custom-image-wrapper\"><img decoding=\"async\" src=\"https:\/\/www.peeralilaw.com\/wp-content\/uploads\/2023\/01\/remove-member-from-llc-in-texas.jpeg\" alt=\"\" class=\"wp-image-562\" width=\"500\" height=\"334\" srcset=\"https:\/\/www.peeralilaw.com\/wp-content\/uploads\/2023\/01\/remove-member-from-llc-in-texas.jpeg 1000w, https:\/\/www.peeralilaw.com\/wp-content\/uploads\/2023\/01\/remove-member-from-llc-in-texas-500x334.jpeg 500w, https:\/\/www.peeralilaw.com\/wp-content\/uploads\/2023\/01\/remove-member-from-llc-in-texas-768x512.jpeg 768w\" sizes=\"(max-width: 500px) 100vw, 500px\" \/><\/div><\/figure><\/div>\n<p>Las demandas ya son bastante complicadas en las mejores circunstancias. Desafortunadamente, cuando se litiga contra el gobierno federal, estatal o local, hay obst\u00e1culos adicionales que superar. <\/p>\n\n<p>Los casos contra el gobierno suelen tener especial importancia para la comunidad fuera de los tribunales.<\/p>\n\n<p>Estos casos tambi\u00e9n presentan desaf\u00edos especiales. Encontrar abogados con experiencia que demanden a agencias gubernamentales con regularidad es esencial para ganar estos casos. <\/p>\n\n<p>Cuando una entidad gubernamental le ha perjudicado, puede ser dif\u00edcil saber a d\u00f3nde acudir. Es dif\u00edcil encontrar abogados con conocimientos que demanden al gobierno en California. <\/p>\n\n<p>Ya sea que crea que un agente del gobierno viol\u00f3 sus derechos civiles o que la negligencia de un empleado p\u00fablico le lesion\u00f3, Peerali Law sabe qu\u00e9 hacer. Nuestros abogados capacitados pueden ayudarle a proteger sus derechos. <\/p>\n\n<h2 class=\"wp-block-heading\">\u00bfCu\u00e1ndo necesitas un abogado de responsabilidad gubernamental?<\/h2>\n\n<p>Si la negligencia de un empleado o agencia gubernamental le lesion\u00f3 a usted o a un miembro de su familia, es posible que pueda recuperar una compensaci\u00f3n. Esto puede requerir demandar a una agencia gubernamental para proteger sus derechos. <\/p>\n\n<p>En California, los casos contra el gobierno conllevan desaf\u00edos \u00fanicos debido a la inmunidad soberana. Las leyes de inmunidad soberana de California imponen limitaciones a las demandas contra entidades gubernamentales. <\/p>\n\n<p>Por lo general, necesita depender de un estatuto que renuncie a la inmunidad soberana para demandar a una entidad o empleado p\u00fablico. De lo contrario, la entidad o el empleado son inmunes a las demandas. <\/p>\n\n<p>Cuando se permite demandar al gobierno, por lo general debe presentar su reclamo m\u00e1s r\u00e1pido de lo que necesitar\u00eda en la mayor\u00eda de los reclamos contra un individuo o entidad privada. Por lo tanto, el tiempo es esencial si desea preservar su derecho a recuperar una compensaci\u00f3n de una agencia gubernamental. <\/p>\n\n<p>Los abogados que demandan a la Administraci\u00f3n en California saben cu\u00e1ndo un particular puede demandar con \u00e9xito a la Administraci\u00f3n por da\u00f1os y perjuicios.<\/p>\n\n<h2 class=\"wp-block-heading\">Casos comunes de responsabilidad gubernamental<\/h2>\n\n<p>Las demandas contra empleados o agencias gubernamentales se dividen en algunas categor\u00edas comunes. Al intentar litigar un problema dentro de estas categor\u00edas, es importante consultar con abogados que demanden a agencias gubernamentales. Estos abogados comprender\u00e1n los problemas particulares que determinar\u00e1n el resultado de su caso.  <\/p>\n\n<h2 class=\"wp-block-heading\">Litigios de derechos civiles<\/h2>\n\n<p>Las leyes de Estados Unidos protegen los derechos civiles fundamentales de cada individuo. Los derechos civiles incluyen protecciones contra la discriminaci\u00f3n por motivos de color de piel, nacionalidad, g\u00e9nero, religi\u00f3n, edad o estado de discapacidad. <\/p>\n\n<p>Estos derechos tambi\u00e9n protegen la libertad de expresi\u00f3n, un juicio justo y la libertad de religi\u00f3n, entre otros derechos fundamentales. Desafortunadamente, los empleados y entidades gubernamentales no siempre respetan los derechos civiles. <\/p>\n\n<p>Por ejemplo, la polic\u00eda, los funcionarios administrativos y los empleados escolares a veces discriminan a las personas de color. Si siente que sus derechos han sido violados, merece la oportunidad de buscar justicia. <\/p>\n\n<h2 class=\"wp-block-heading\">Accidentes de tr\u00e1fico de veh\u00edculos p\u00fablicos<\/h2>\n\n<p>Al igual que el p\u00fablico en general, los empleados del gobierno a veces causan accidentes automovil\u00edsticos mientras est\u00e1n en el trabajo. En California, existen procedimientos especiales para buscar una compensaci\u00f3n por los da\u00f1os causados por la conducci\u00f3n de un empleado p\u00fablico. <\/p>\n\n<p>Es esencial consultar con abogados que demanden a agencias gubernamentales en California antes de presentar un reclamo. Esto es especialmente cierto si el accidente caus\u00f3 da\u00f1os o lesiones graves. <\/p>\n\n<h2 class=\"wp-block-heading\">Responsabilidad patrimonial de la Administraci\u00f3n<\/h2>\n\n<p>Las agencias gubernamentales son responsables de administrar sus propiedades de manera segura al igual que todos los dem\u00e1s. Sin embargo, deben cumplirse circunstancias particulares para que un reclamo de responsabilidad de las instalaciones contra una entidad gubernamental tenga \u00e9xito. <\/p>\n\n<h2 class=\"wp-block-heading\">Lesiones en escuelas p\u00fablicas<\/h2>\n\n<p>Es com\u00fan que los ni\u00f1os se lesionen mientras asisten a una escuela p\u00fablica. Por lo general, estas lesiones son menores y son solo una parte normal del crecimiento. <\/p>\n\n<p>Desafortunadamente, a veces la negligencia de los maestros, el personal u otros empleados del gobierno puede provocar lesiones graves. En estos casos, puede ser necesario demandar a la escuela para obtener una compensaci\u00f3n por las lesiones de su hijo. <\/p>\n\n<h2 class=\"wp-block-heading\">Prescripci\u00f3n de las reclamaciones contra la Administraci\u00f3n P\u00fablica<\/h2>\n\n<p>Si planea presentar un reclamo contra una agencia gubernamental en California, deber\u00e1 actuar con rapidez y presentar un reclamo administrativo ante la agencia u oficina gubernamental. Este es un primer paso importante y debe hacerse dentro de <a href=\"https:\/\/www.courts.ca.gov\/9618.htm?rdeLocaleAttr=en#Type_of_Problem_or_Case\">los 6 meses posteriores a su lesi\u00f3n<\/a>. Cuanto antes presente esto, mejor.  <\/p>\n\n<h2 class=\"wp-block-heading\">Peerali Law sabe c\u00f3mo proteger tus derechos<\/h2>\n\n<p>Si se lesion\u00f3 debido a la negligencia del gobierno, Peerali Law puede ayudarle. Nuestros abogados experimentados se especializan en la elaboraci\u00f3n de soluciones innovadoras y creativas para proteger sus derechos. <\/p>\n\n<p>Los abogados de Peerali Law se dedican apasionadamente a buscar justicia para cada cliente. Nos preocupamos profundamente por cada caso y hemos recuperado millones de d\u00f3lares para compensar las lesiones de nuestros clientes. <\/p>\n\n<p>Llama ahora a Peerali Law para que podamos ayudarte a luchar por lo que es justo.<\/p>\n","protected":false},"excerpt":{"rendered":"<p>Las demandas ya son bastante complicadas en las mejores circunstancias. Desafortunadamente, cuando se litiga contra el gobierno federal, estatal o local, hay obst\u00e1culos adicionales que superar. Los casos contra el gobierno suelen tener especial importancia para la comunidad fuera de los tribunales. Estos casos tambi\u00e9n presentan desaf\u00edos especiales. Encontrar abogados con experiencia que demanden a agencias gubernamentales con regularidad es esencial para ganar estos casos. Cuando una entidad gubernamental le ha perjudicado, puede ser dif\u00edcil saber a d\u00f3nde acudir. Es dif\u00edcil encontrar abogados con conocimientos que demanden al gobierno en California. Ya sea que crea que un agente del gobierno viol\u00f3 sus derechos civiles o que la negligencia de un empleado p\u00fablico le lesion\u00f3, Peerali Law sabe qu\u00e9 hacer. Nuestros abogados capacitados pueden ayudarle a proteger sus derechos. \u00bfCu\u00e1ndo necesitas un abogado de responsabilidad gubernamental? Si la negligencia de un empleado o agencia gubernamental le lesion\u00f3 a usted o a un miembro de su familia, es posible que pueda recuperar una compensaci\u00f3n. Esto puede requerir demandar a una agencia gubernamental para proteger sus derechos. En California, los casos contra el gobierno conllevan desaf\u00edos \u00fanicos debido a la inmunidad soberana. Las leyes de inmunidad soberana de California imponen limitaciones a las demandas contra entidades gubernamentales. Por lo general, necesita depender de un estatuto que renuncie a la inmunidad soberana para demandar a una entidad o empleado p\u00fablico. De lo contrario, la entidad o el empleado son inmunes a las demandas. Cuando se permite demandar al gobierno, por lo general debe presentar su reclamo m\u00e1s r\u00e1pido de lo que necesitar\u00eda en la mayor\u00eda de los reclamos contra un individuo o entidad privada. Por lo tanto, el tiempo es esencial si desea preservar su derecho a recuperar una compensaci\u00f3n de una agencia gubernamental. Los abogados que demandan a la Administraci\u00f3n en California saben cu\u00e1ndo un particular puede demandar con \u00e9xito a la Administraci\u00f3n por da\u00f1os y perjuicios. Casos comunes de responsabilidad gubernamental Las demandas contra empleados o agencias gubernamentales se dividen en algunas categor\u00edas comunes. Al intentar litigar un problema dentro de estas categor\u00edas, es importante consultar con abogados que demanden a agencias gubernamentales. Estos abogados comprender\u00e1n los problemas particulares que determinar\u00e1n el resultado de su caso. Litigios de derechos civiles Las leyes de Estados Unidos protegen los derechos civiles fundamentales de cada individuo. Los derechos civiles incluyen protecciones contra la discriminaci\u00f3n por motivos de color de piel, nacionalidad, g\u00e9nero, religi\u00f3n, edad o estado de discapacidad. Estos derechos tambi\u00e9n protegen la libertad de expresi\u00f3n, un juicio justo y la libertad de religi\u00f3n, entre otros derechos fundamentales. Desafortunadamente, los empleados y entidades gubernamentales no siempre respetan los derechos civiles. Por ejemplo, la polic\u00eda, los funcionarios administrativos y los empleados escolares a veces discriminan a las personas de color. Si siente que sus derechos han sido violados, merece la oportunidad de buscar justicia. Accidentes de tr\u00e1fico de veh\u00edculos p\u00fablicos Al igual que el p\u00fablico en general, los empleados del gobierno a veces causan accidentes automovil\u00edsticos mientras est\u00e1n en el trabajo. En California, existen procedimientos especiales para buscar una compensaci\u00f3n por los da\u00f1os causados por la conducci\u00f3n de un empleado p\u00fablico. Es esencial consultar con abogados que demanden a agencias gubernamentales en California antes de presentar un reclamo. Esto es especialmente cierto si el accidente caus\u00f3 da\u00f1os o lesiones graves. Responsabilidad patrimonial de la Administraci\u00f3n Las agencias gubernamentales son responsables de administrar sus propiedades de manera segura al igual que todos los dem\u00e1s. Sin embargo, deben cumplirse circunstancias particulares para que un reclamo de responsabilidad de las instalaciones contra una entidad gubernamental tenga \u00e9xito. Lesiones en escuelas p\u00fablicas Es com\u00fan que los ni\u00f1os se lesionen mientras asisten a una escuela p\u00fablica. Por lo general, estas lesiones son menores y son solo una parte normal del crecimiento. Desafortunadamente, a veces la negligencia de los maestros, el personal u otros empleados del gobierno puede provocar lesiones graves. En estos casos, puede ser necesario demandar a la escuela para obtener una compensaci\u00f3n por las lesiones de su hijo. Prescripci\u00f3n de las reclamaciones contra la Administraci\u00f3n P\u00fablica Si planea presentar un reclamo contra una agencia gubernamental en California, deber\u00e1 actuar con rapidez y presentar un reclamo administrativo ante la agencia u oficina gubernamental. Este es un primer paso importante y debe hacerse dentro de los 6 meses posteriores a su lesi\u00f3n. Cuanto antes presente esto, mejor. Peerali Law sabe c\u00f3mo proteger tus derechos Si se lesion\u00f3 debido a la negligencia del gobierno, Peerali Law puede ayudarle. Nuestros abogados experimentados se especializan en la elaboraci\u00f3n de soluciones innovadoras y creativas para proteger sus derechos. Los abogados de Peerali Law se dedican apasionadamente a buscar justicia para cada cliente. Nos preocupamos profundamente por cada caso y hemos recuperado millones de d\u00f3lares para compensar las lesiones de nuestros clientes. Llama ahora a Peerali Law para que podamos ayudarte a luchar por lo que es justo.<\/p>\n","protected":false},"author":5,"featured_media":0,"parent":2796,"menu_order":0,"comment_status":"closed","ping_status":"closed","template":"templates\/page-sidebar.php","meta":{"_acf_changed":false,"footnotes":""},"class_list":["post-2815","page","type-page","status-publish","hentry"],"acf":[],"yoast_head":"<!-- This site is optimized with the Yoast SEO plugin v26.8 - https:\/\/yoast.com\/product\/yoast-seo-wordpress\/ -->\n<title>Abogados de responsabilidad civil de la administraci\u00f3n de California | Peerali Law<\/title>\n<meta name=\"description\" content=\"Cuando una entidad gubernamental le ha perjudicado, puede ser dif\u00edcil saber qu\u00e9 hacer. Nuestros abogados de responsabilidad gubernamental de California pueden ayudarle.\" \/>\n<meta name=\"robots\" content=\"index, follow, max-snippet:-1, max-image-preview:large, max-video-preview:-1\" \/>\n<link rel=\"canonical\" href=\"https:\/\/www.peeralilaw.com\/es\/areas-de-practica\/abogados-de-responsabilidad-civil-de-la-administracion-de-california\/\" \/>\n<meta property=\"og:locale\" content=\"es_ES\" \/>\n<meta property=\"og:type\" content=\"article\" \/>\n<meta property=\"og:title\" content=\"Abogados de responsabilidad civil de la administraci\u00f3n de California | Peerali Law\" \/>\n<meta property=\"og:description\" content=\"Cuando una entidad gubernamental le ha perjudicado, puede ser dif\u00edcil saber qu\u00e9 hacer. Nuestros abogados de responsabilidad gubernamental de California pueden ayudarle.\" \/>\n<meta property=\"og:url\" content=\"https:\/\/www.peeralilaw.com\/es\/areas-de-practica\/abogados-de-responsabilidad-civil-de-la-administracion-de-california\/\" \/>\n<meta property=\"og:site_name\" content=\"Peerali Law\" \/>\n<meta property=\"article:modified_time\" content=\"2026-01-06T10:19:11+00:00\" \/>\n<meta property=\"og:image\" content=\"https:\/\/www.peeralilaw.com\/wp-content\/uploads\/2023\/01\/remove-member-from-llc-in-texas.jpeg\" \/>\n\t<meta property=\"og:image:width\" content=\"1000\" \/>\n\t<meta property=\"og:image:height\" content=\"667\" \/>\n\t<meta property=\"og:image:type\" content=\"image\/jpeg\" \/>\n<meta name=\"twitter:card\" content=\"summary_large_image\" \/>\n<meta name=\"twitter:label1\" content=\"Tiempo de lectura\" \/>\n\t<meta name=\"twitter:data1\" content=\"4 minutos\" \/>\n<script type=\"application\/ld+json\" class=\"yoast-schema-graph\">{\"@context\":\"https:\/\/schema.org\",\"@graph\":[{\"@type\":\"WebPage\",\"@id\":\"https:\/\/www.peeralilaw.com\/es\/areas-de-practica\/abogados-de-responsabilidad-civil-de-la-administracion-de-california\/\",\"url\":\"https:\/\/www.peeralilaw.com\/es\/areas-de-practica\/abogados-de-responsabilidad-civil-de-la-administracion-de-california\/\",\"name\":\"Abogados de responsabilidad civil de la administraci\u00f3n de California | Peerali Law\",\"isPartOf\":{\"@id\":\"https:\/\/www.peeralilaw.com\/es\/#website\"},\"primaryImageOfPage\":{\"@id\":\"https:\/\/www.peeralilaw.com\/es\/areas-de-practica\/abogados-de-responsabilidad-civil-de-la-administracion-de-california\/#primaryimage\"},\"image\":{\"@id\":\"https:\/\/www.peeralilaw.com\/es\/areas-de-practica\/abogados-de-responsabilidad-civil-de-la-administracion-de-california\/#primaryimage\"},\"thumbnailUrl\":\"https:\/\/www.peeralilaw.com\/wp-content\/uploads\/2023\/01\/remove-member-from-llc-in-texas.jpeg\",\"datePublished\":\"2023-04-18T20:10:52+00:00\",\"dateModified\":\"2026-01-06T10:19:11+00:00\",\"description\":\"Cuando una entidad gubernamental le ha perjudicado, puede ser dif\u00edcil saber qu\u00e9 hacer. Nuestros abogados de responsabilidad gubernamental de California pueden ayudarle.\",\"breadcrumb\":{\"@id\":\"https:\/\/www.peeralilaw.com\/es\/areas-de-practica\/abogados-de-responsabilidad-civil-de-la-administracion-de-california\/#breadcrumb\"},\"inLanguage\":\"es\",\"potentialAction\":[{\"@type\":\"ReadAction\",\"target\":[\"https:\/\/www.peeralilaw.com\/es\/areas-de-practica\/abogados-de-responsabilidad-civil-de-la-administracion-de-california\/\"]}]},{\"@type\":\"ImageObject\",\"inLanguage\":\"es\",\"@id\":\"https:\/\/www.peeralilaw.com\/es\/areas-de-practica\/abogados-de-responsabilidad-civil-de-la-administracion-de-california\/#primaryimage\",\"url\":\"https:\/\/www.peeralilaw.com\/wp-content\/uploads\/2023\/01\/remove-member-from-llc-in-texas.jpeg\",\"contentUrl\":\"https:\/\/www.peeralilaw.com\/wp-content\/uploads\/2023\/01\/remove-member-from-llc-in-texas.jpeg\"},{\"@type\":\"BreadcrumbList\",\"@id\":\"https:\/\/www.peeralilaw.com\/es\/areas-de-practica\/abogados-de-responsabilidad-civil-de-la-administracion-de-california\/#breadcrumb\",\"itemListElement\":[{\"@type\":\"ListItem\",\"position\":1,\"name\":\"Home\",\"item\":\"https:\/\/www.peeralilaw.com\/es\/\"},{\"@type\":\"ListItem\",\"position\":2,\"name\":\"\u00c1reas de pr\u00e1ctica\",\"item\":\"https:\/\/www.peeralilaw.com\/es\/areas-de-practica\/\"},{\"@type\":\"ListItem\",\"position\":3,\"name\":\"Abogados de responsabilidad civil de la administraci\u00f3n de California\"}]},{\"@type\":\"WebSite\",\"@id\":\"https:\/\/www.peeralilaw.com\/es\/#website\",\"url\":\"https:\/\/www.peeralilaw.com\/es\/\",\"name\":\"Peerali Law\",\"description\":\"\",\"publisher\":{\"@id\":\"https:\/\/www.peeralilaw.com\/es\/#organization\"},\"potentialAction\":[{\"@type\":\"SearchAction\",\"target\":{\"@type\":\"EntryPoint\",\"urlTemplate\":\"https:\/\/www.peeralilaw.com\/es\/?s={search_term_string}\"},\"query-input\":{\"@type\":\"PropertyValueSpecification\",\"valueRequired\":true,\"valueName\":\"search_term_string\"}}],\"inLanguage\":\"es\"},{\"@type\":\"Organization\",\"@id\":\"https:\/\/www.peeralilaw.com\/es\/#organization\",\"name\":\"Peerali Law\",\"url\":\"https:\/\/www.peeralilaw.com\/es\/\",\"logo\":{\"@type\":\"ImageObject\",\"inLanguage\":\"es\",\"@id\":\"https:\/\/www.peeralilaw.com\/es\/#\/schema\/logo\/image\/\",\"url\":\"https:\/\/www.peeralilaw.com\/wp-content\/uploads\/2023\/03\/cropped-peerali-favicon.png\",\"contentUrl\":\"https:\/\/www.peeralilaw.com\/wp-content\/uploads\/2023\/03\/cropped-peerali-favicon.png\",\"width\":512,\"height\":512,\"caption\":\"Peerali Law\"},\"image\":{\"@id\":\"https:\/\/www.peeralilaw.com\/es\/#\/schema\/logo\/image\/\"}}]}<\/script>\n<!-- \/ Yoast SEO plugin. -->","yoast_head_json":{"title":"Abogados de responsabilidad civil de la administraci\u00f3n de California | Peerali Law","description":"Cuando una entidad gubernamental le ha perjudicado, puede ser dif\u00edcil saber qu\u00e9 hacer. Nuestros abogados de responsabilidad gubernamental de California pueden ayudarle.","robots":{"index":"index","follow":"follow","max-snippet":"max-snippet:-1","max-image-preview":"max-image-preview:large","max-video-preview":"max-video-preview:-1"},"canonical":"https:\/\/www.peeralilaw.com\/es\/areas-de-practica\/abogados-de-responsabilidad-civil-de-la-administracion-de-california\/","og_locale":"es_ES","og_type":"article","og_title":"Abogados de responsabilidad civil de la administraci\u00f3n de California | Peerali Law","og_description":"Cuando una entidad gubernamental le ha perjudicado, puede ser dif\u00edcil saber qu\u00e9 hacer. Nuestros abogados de responsabilidad gubernamental de California pueden ayudarle.","og_url":"https:\/\/www.peeralilaw.com\/es\/areas-de-practica\/abogados-de-responsabilidad-civil-de-la-administracion-de-california\/","og_site_name":"Peerali Law","article_modified_time":"2026-01-06T10:19:11+00:00","og_image":[{"width":1000,"height":667,"url":"https:\/\/www.peeralilaw.com\/wp-content\/uploads\/2023\/01\/remove-member-from-llc-in-texas.jpeg","type":"image\/jpeg"}],"twitter_card":"summary_large_image","twitter_misc":{"Tiempo de lectura":"4 minutos"},"schema":{"@context":"https:\/\/schema.org","@graph":[{"@type":"WebPage","@id":"https:\/\/www.peeralilaw.com\/es\/areas-de-practica\/abogados-de-responsabilidad-civil-de-la-administracion-de-california\/","url":"https:\/\/www.peeralilaw.com\/es\/areas-de-practica\/abogados-de-responsabilidad-civil-de-la-administracion-de-california\/","name":"Abogados de responsabilidad civil de la administraci\u00f3n de California | Peerali Law","isPartOf":{"@id":"https:\/\/www.peeralilaw.com\/es\/#website"},"primaryImageOfPage":{"@id":"https:\/\/www.peeralilaw.com\/es\/areas-de-practica\/abogados-de-responsabilidad-civil-de-la-administracion-de-california\/#primaryimage"},"image":{"@id":"https:\/\/www.peeralilaw.com\/es\/areas-de-practica\/abogados-de-responsabilidad-civil-de-la-administracion-de-california\/#primaryimage"},"thumbnailUrl":"https:\/\/www.peeralilaw.com\/wp-content\/uploads\/2023\/01\/remove-member-from-llc-in-texas.jpeg","datePublished":"2023-04-18T20:10:52+00:00","dateModified":"2026-01-06T10:19:11+00:00","description":"Cuando una entidad gubernamental le ha perjudicado, puede ser dif\u00edcil saber qu\u00e9 hacer. Nuestros abogados de responsabilidad gubernamental de California pueden ayudarle.","breadcrumb":{"@id":"https:\/\/www.peeralilaw.com\/es\/areas-de-practica\/abogados-de-responsabilidad-civil-de-la-administracion-de-california\/#breadcrumb"},"inLanguage":"es","potentialAction":[{"@type":"ReadAction","target":["https:\/\/www.peeralilaw.com\/es\/areas-de-practica\/abogados-de-responsabilidad-civil-de-la-administracion-de-california\/"]}]},{"@type":"ImageObject","inLanguage":"es","@id":"https:\/\/www.peeralilaw.com\/es\/areas-de-practica\/abogados-de-responsabilidad-civil-de-la-administracion-de-california\/#primaryimage","url":"https:\/\/www.peeralilaw.com\/wp-content\/uploads\/2023\/01\/remove-member-from-llc-in-texas.jpeg","contentUrl":"https:\/\/www.peeralilaw.com\/wp-content\/uploads\/2023\/01\/remove-member-from-llc-in-texas.jpeg"},{"@type":"BreadcrumbList","@id":"https:\/\/www.peeralilaw.com\/es\/areas-de-practica\/abogados-de-responsabilidad-civil-de-la-administracion-de-california\/#breadcrumb","itemListElement":[{"@type":"ListItem","position":1,"name":"Home","item":"https:\/\/www.peeralilaw.com\/es\/"},{"@type":"ListItem","position":2,"name":"\u00c1reas de pr\u00e1ctica","item":"https:\/\/www.peeralilaw.com\/es\/areas-de-practica\/"},{"@type":"ListItem","position":3,"name":"Abogados de responsabilidad civil de la administraci\u00f3n de California"}]},{"@type":"WebSite","@id":"https:\/\/www.peeralilaw.com\/es\/#website","url":"https:\/\/www.peeralilaw.com\/es\/","name":"Peerali Law","description":"","publisher":{"@id":"https:\/\/www.peeralilaw.com\/es\/#organization"},"potentialAction":[{"@type":"SearchAction","target":{"@type":"EntryPoint","urlTemplate":"https:\/\/www.peeralilaw.com\/es\/?s={search_term_string}"},"query-input":{"@type":"PropertyValueSpecification","valueRequired":true,"valueName":"search_term_string"}}],"inLanguage":"es"},{"@type":"Organization","@id":"https:\/\/www.peeralilaw.com\/es\/#organization","name":"Peerali Law","url":"https:\/\/www.peeralilaw.com\/es\/","logo":{"@type":"ImageObject","inLanguage":"es","@id":"https:\/\/www.peeralilaw.com\/es\/#\/schema\/logo\/image\/","url":"https:\/\/www.peeralilaw.com\/wp-content\/uploads\/2023\/03\/cropped-peerali-favicon.png","contentUrl":"https:\/\/www.peeralilaw.com\/wp-content\/uploads\/2023\/03\/cropped-peerali-favicon.png","width":512,"height":512,"caption":"Peerali Law"},"image":{"@id":"https:\/\/www.peeralilaw.com\/es\/#\/schema\/logo\/image\/"}}]}},"_links":{"self":[{"href":"https:\/\/www.peeralilaw.com\/es\/wp-json\/wp\/v2\/pages\/2815","targetHints":{"allow":["GET"]}}],"collection":[{"href":"https:\/\/www.peeralilaw.com\/es\/wp-json\/wp\/v2\/pages"}],"about":[{"href":"https:\/\/www.peeralilaw.com\/es\/wp-json\/wp\/v2\/types\/page"}],"author":[{"embeddable":true,"href":"https:\/\/www.peeralilaw.com\/es\/wp-json\/wp\/v2\/users\/5"}],"replies":[{"embeddable":true,"href":"https:\/\/www.peeralilaw.com\/es\/wp-json\/wp\/v2\/comments?post=2815"}],"version-history":[{"count":4,"href":"https:\/\/www.peeralilaw.com\/es\/wp-json\/wp\/v2\/pages\/2815\/revisions"}],"predecessor-version":[{"id":4041,"href":"https:\/\/www.peeralilaw.com\/es\/wp-json\/wp\/v2\/pages\/2815\/revisions\/4041"}],"up":[{"embeddable":true,"href":"https:\/\/www.peeralilaw.com\/es\/wp-json\/wp\/v2\/pages\/2796"}],"wp:attachment":[{"href":"https:\/\/www.peeralilaw.com\/es\/wp-json\/wp\/v2\/media?parent=2815"}],"curies":[{"name":"wp","href":"https:\/\/api.w.org\/{rel}","templated":true}]}}