{"id":2796,"date":"2019-01-04T15:28:54","date_gmt":"2019-01-04T22:28:54","guid":{"rendered":"https:\/\/www.peeralilaw.com\/areas-de-practica\/"},"modified":"2026-03-16T05:35:31","modified_gmt":"2026-03-16T12:35:31","slug":"areas-de-practica","status":"publish","type":"page","link":"https:\/\/www.peeralilaw.com\/es\/areas-de-practica\/","title":{"rendered":"\u00c1reas de pr\u00e1ctica"},"content":{"rendered":"","protected":false},"excerpt":{"rendered":"","protected":false},"author":2,"featured_media":0,"parent":0,"menu_order":0,"comment_status":"closed","ping_status":"closed","template":"templates\/page-practice-areas.php","meta":{"_acf_changed":false,"footnotes":""},"class_list":["post-2796","page","type-page","status-publish","hentry"],"acf":[],"yoast_head":"<!-- This site is optimized with the Yoast SEO plugin v26.8 - https:\/\/yoast.com\/product\/yoast-seo-wordpress\/ -->\n<title>\u00c1reas de pr\u00e1ctica | Peerali Law<\/title>\n<meta name=\"description\" content=\"\u00bfSufri\u00f3 lesiones en el \u00e1rea de Los \u00c1ngeles? P\u00f3ngase en contacto hoy mismo con los abogados de lesiones personales de Peerali Law para programar una consulta.\" \/>\n<meta name=\"robots\" content=\"index, follow, max-snippet:-1, max-image-preview:large, max-video-preview:-1\" \/>\n<link rel=\"canonical\" href=\"https:\/\/www.peeralilaw.com\/es\/areas-de-practica\/\" \/>\n<meta property=\"og:locale\" content=\"es_ES\" \/>\n<meta property=\"og:type\" content=\"article\" \/>\n<meta property=\"og:title\" content=\"\u00c1reas de pr\u00e1ctica | Peerali Law\" \/>\n<meta property=\"og:description\" content=\"\u00bfSufri\u00f3 lesiones en el \u00e1rea de Los \u00c1ngeles? P\u00f3ngase en contacto hoy mismo con los abogados de lesiones personales de Peerali Law para programar una consulta.\" \/>\n<meta property=\"og:url\" content=\"https:\/\/www.peeralilaw.com\/es\/areas-de-practica\/\" \/>\n<meta property=\"og:site_name\" content=\"Peerali Law\" \/>\n<meta property=\"article:modified_time\" content=\"2026-03-16T12:35:31+00:00\" \/>\n<meta property=\"og:image\" content=\"https:\/\/www.peeralilaw.com\/wp-content\/uploads\/2023\/03\/cropped-peerali-favicon.png\" \/>\n\t<meta property=\"og:image:width\" content=\"512\" \/>\n\t<meta property=\"og:image:height\" content=\"512\" \/>\n\t<meta property=\"og:image:type\" content=\"image\/png\" \/>\n<meta name=\"twitter:card\" content=\"summary_large_image\" \/>\n<script type=\"application\/ld+json\" class=\"yoast-schema-graph\">{\"@context\":\"https:\/\/schema.org\",\"@graph\":[{\"@type\":\"WebPage\",\"@id\":\"https:\/\/www.peeralilaw.com\/es\/areas-de-practica\/\",\"url\":\"https:\/\/www.peeralilaw.com\/es\/areas-de-practica\/\",\"name\":\"\u00c1reas de pr\u00e1ctica | Peerali Law\",\"isPartOf\":{\"@id\":\"https:\/\/www.peeralilaw.com\/es\/#website\"},\"datePublished\":\"2019-01-04T22:28:54+00:00\",\"dateModified\":\"2026-03-16T12:35:31+00:00\",\"description\":\"\u00bfSufri\u00f3 lesiones en el \u00e1rea de Los \u00c1ngeles? P\u00f3ngase en contacto hoy mismo con los abogados de lesiones personales de Peerali Law para programar una consulta.\",\"breadcrumb\":{\"@id\":\"https:\/\/www.peeralilaw.com\/es\/areas-de-practica\/#breadcrumb\"},\"inLanguage\":\"es\",\"potentialAction\":[{\"@type\":\"ReadAction\",\"target\":[\"https:\/\/www.peeralilaw.com\/es\/areas-de-practica\/\"]}]},{\"@type\":\"BreadcrumbList\",\"@id\":\"https:\/\/www.peeralilaw.com\/es\/areas-de-practica\/#breadcrumb\",\"itemListElement\":[{\"@type\":\"ListItem\",\"position\":1,\"name\":\"Home\",\"item\":\"https:\/\/www.peeralilaw.com\/es\/\"},{\"@type\":\"ListItem\",\"position\":2,\"name\":\"\u00c1reas de pr\u00e1ctica\"}]},{\"@type\":\"WebSite\",\"@id\":\"https:\/\/www.peeralilaw.com\/es\/#website\",\"url\":\"https:\/\/www.peeralilaw.com\/es\/\",\"name\":\"Peerali Law\",\"description\":\"\",\"publisher\":{\"@id\":\"https:\/\/www.peeralilaw.com\/es\/#organization\"},\"potentialAction\":[{\"@type\":\"SearchAction\",\"target\":{\"@type\":\"EntryPoint\",\"urlTemplate\":\"https:\/\/www.peeralilaw.com\/es\/?s={search_term_string}\"},\"query-input\":{\"@type\":\"PropertyValueSpecification\",\"valueRequired\":true,\"valueName\":\"search_term_string\"}}],\"inLanguage\":\"es\"},{\"@type\":\"Organization\",\"@id\":\"https:\/\/www.peeralilaw.com\/es\/#organization\",\"name\":\"Peerali Law\",\"url\":\"https:\/\/www.peeralilaw.com\/es\/\",\"logo\":{\"@type\":\"ImageObject\",\"inLanguage\":\"es\",\"@id\":\"https:\/\/www.peeralilaw.com\/es\/#\/schema\/logo\/image\/\",\"url\":\"https:\/\/www.peeralilaw.com\/wp-content\/uploads\/2023\/03\/cropped-peerali-favicon.png\",\"contentUrl\":\"https:\/\/www.peeralilaw.com\/wp-content\/uploads\/2023\/03\/cropped-peerali-favicon.png\",\"width\":512,\"height\":512,\"caption\":\"Peerali Law\"},\"image\":{\"@id\":\"https:\/\/www.peeralilaw.com\/es\/#\/schema\/logo\/image\/\"}}]}<\/script>\n<!-- \/ Yoast SEO plugin. -->","yoast_head_json":{"title":"\u00c1reas de pr\u00e1ctica | Peerali Law","description":"\u00bfSufri\u00f3 lesiones en el \u00e1rea de Los \u00c1ngeles? P\u00f3ngase en contacto hoy mismo con los abogados de lesiones personales de Peerali Law para programar una consulta.","robots":{"index":"index","follow":"follow","max-snippet":"max-snippet:-1","max-image-preview":"max-image-preview:large","max-video-preview":"max-video-preview:-1"},"canonical":"https:\/\/www.peeralilaw.com\/es\/areas-de-practica\/","og_locale":"es_ES","og_type":"article","og_title":"\u00c1reas de pr\u00e1ctica | Peerali Law","og_description":"\u00bfSufri\u00f3 lesiones en el \u00e1rea de Los \u00c1ngeles? P\u00f3ngase en contacto hoy mismo con los abogados de lesiones personales de Peerali Law para programar una consulta.","og_url":"https:\/\/www.peeralilaw.com\/es\/areas-de-practica\/","og_site_name":"Peerali Law","article_modified_time":"2026-03-16T12:35:31+00:00","og_image":[{"width":512,"height":512,"url":"https:\/\/www.peeralilaw.com\/wp-content\/uploads\/2023\/03\/cropped-peerali-favicon.png","type":"image\/png"}],"twitter_card":"summary_large_image","schema":{"@context":"https:\/\/schema.org","@graph":[{"@type":"WebPage","@id":"https:\/\/www.peeralilaw.com\/es\/areas-de-practica\/","url":"https:\/\/www.peeralilaw.com\/es\/areas-de-practica\/","name":"\u00c1reas de pr\u00e1ctica | Peerali Law","isPartOf":{"@id":"https:\/\/www.peeralilaw.com\/es\/#website"},"datePublished":"2019-01-04T22:28:54+00:00","dateModified":"2026-03-16T12:35:31+00:00","description":"\u00bfSufri\u00f3 lesiones en el \u00e1rea de Los \u00c1ngeles? P\u00f3ngase en contacto hoy mismo con los abogados de lesiones personales de Peerali Law para programar una consulta.","breadcrumb":{"@id":"https:\/\/www.peeralilaw.com\/es\/areas-de-practica\/#breadcrumb"},"inLanguage":"es","potentialAction":[{"@type":"ReadAction","target":["https:\/\/www.peeralilaw.com\/es\/areas-de-practica\/"]}]},{"@type":"BreadcrumbList","@id":"https:\/\/www.peeralilaw.com\/es\/areas-de-practica\/#breadcrumb","itemListElement":[{"@type":"ListItem","position":1,"name":"Home","item":"https:\/\/www.peeralilaw.com\/es\/"},{"@type":"ListItem","position":2,"name":"\u00c1reas de pr\u00e1ctica"}]},{"@type":"WebSite","@id":"https:\/\/www.peeralilaw.com\/es\/#website","url":"https:\/\/www.peeralilaw.com\/es\/","name":"Peerali Law","description":"","publisher":{"@id":"https:\/\/www.peeralilaw.com\/es\/#organization"},"potentialAction":[{"@type":"SearchAction","target":{"@type":"EntryPoint","urlTemplate":"https:\/\/www.peeralilaw.com\/es\/?s={search_term_string}"},"query-input":{"@type":"PropertyValueSpecification","valueRequired":true,"valueName":"search_term_string"}}],"inLanguage":"es"},{"@type":"Organization","@id":"https:\/\/www.peeralilaw.com\/es\/#organization","name":"Peerali Law","url":"https:\/\/www.peeralilaw.com\/es\/","logo":{"@type":"ImageObject","inLanguage":"es","@id":"https:\/\/www.peeralilaw.com\/es\/#\/schema\/logo\/image\/","url":"https:\/\/www.peeralilaw.com\/wp-content\/uploads\/2023\/03\/cropped-peerali-favicon.png","contentUrl":"https:\/\/www.peeralilaw.com\/wp-content\/uploads\/2023\/03\/cropped-peerali-favicon.png","width":512,"height":512,"caption":"Peerali Law"},"image":{"@id":"https:\/\/www.peeralilaw.com\/es\/#\/schema\/logo\/image\/"}}]}},"_links":{"self":[{"href":"https:\/\/www.peeralilaw.com\/es\/wp-json\/wp\/v2\/pages\/2796","targetHints":{"allow":["GET"]}}],"collection":[{"href":"https:\/\/www.peeralilaw.com\/es\/wp-json\/wp\/v2\/pages"}],"about":[{"href":"https:\/\/www.peeralilaw.com\/es\/wp-json\/wp\/v2\/types\/page"}],"author":[{"embeddable":true,"href":"https:\/\/www.peeralilaw.com\/es\/wp-json\/wp\/v2\/users\/2"}],"replies":[{"embeddable":true,"href":"https:\/\/www.peeralilaw.com\/es\/wp-json\/wp\/v2\/comments?post=2796"}],"version-history":[{"count":8,"href":"https:\/\/www.peeralilaw.com\/es\/wp-json\/wp\/v2\/pages\/2796\/revisions"}],"predecessor-version":[{"id":4254,"href":"https:\/\/www.peeralilaw.com\/es\/wp-json\/wp\/v2\/pages\/2796\/revisions\/4254"}],"wp:attachment":[{"href":"https:\/\/www.peeralilaw.com\/es\/wp-json\/wp\/v2\/media?parent=2796"}],"curies":[{"name":"wp","href":"https:\/\/api.w.org\/{rel}","templated":true}]}}