{"id":2792,"date":"2019-01-04T15:28:37","date_gmt":"2019-01-04T22:28:37","guid":{"rendered":"https:\/\/www.peeralilaw.com\/quienes-somos\/"},"modified":"2026-01-28T03:39:49","modified_gmt":"2026-01-28T10:39:49","slug":"quienes-somos","status":"publish","type":"page","link":"https:\/\/www.peeralilaw.com\/es\/quienes-somos\/","title":{"rendered":"Qui\u00e9nes somos"},"content":{"rendered":"\n<h2 class=\"wp-block-heading\">Leer m\u00e1s<\/h2>\n\n<p><a href=\"https:\/\/www.peeralilaw.com\/es\/\">Peerali Law<\/a> es un bufete de abogados boutique en Los \u00c1ngeles que se especializa en lesiones complejas y <a href=\"https:\/\/www.peeralilaw.com\/es\/areas-de-practica\/abogado-lesiones-catastroficas\/\">catastr\u00f3ficas<\/a>. El bufete fue fundado por <a href=\"https:\/\/www.peeralilaw.com\/es\/quienes-somos\/kristopher-peerali\/\">Kristopher Peerali<\/a> y <a href=\"https:\/\/www.peeralilaw.com\/es\/quienes-somos\/serena-peerali\/\">Serena Peerali<\/a>, ambos abogados de lesiones personales con experiencia. Desde 2021, han recuperado m\u00e1s de $50 millones en compensaci\u00f3n para sus clientes.  <\/p>\n\n<p>We handle a wide range of personal injury cases, including <a href=\"https:\/\/www.peeralilaw.com\/es\/areas-de-practica\/abogado-lesiones-catastroficas\/\">catastrophic injuries<\/a>, <a href=\"https:\/\/www.peeralilaw.com\/practice-areas\/wrongful-death-lawyers-los-angeles\/\">wrongful death<\/a>, medical malpractice, <a href=\"https:\/\/www.peeralilaw.com\/practice-areas\/funeral-home-negligence-lawyers-los-angeles\/\">funeral home negligence<\/a>, <a href=\"https:\/\/www.peeralilaw.com\/practice-areas\/los-angeles-car-accident-lawyer\/\">car accidents<\/a> and more. No matter how complex or sensitive the situation, we approach every case with determination, compassion, and an unwavering focus on results.<\/p>\n\n<p>Nuestra experiencia significa que podemos [manejar] virtualmente todo tipo de reclamo por lesiones personales en Los \u00c1ngeles. Explore todas nuestras <a href=\"https:\/\/www.peeralilaw.com\/es\/areas-de-practica\/\">\u00e1reas de pr\u00e1ctica<\/a> para ver c\u00f3mo podemos ayudar. <\/p>\n\n<h2 class=\"wp-block-heading\">Nuestra oficina<\/h2>\n\n<p>Peerali Law tiene su sede en el \u00e1rea de Hollywood Hills de Los \u00c1ngeles. Si desea reunirse en persona, puede visitar nuestra oficina en 3575 Cahuenga Blvd, Suite 480, Los \u00c1ngeles, CA 90068. <\/p>\n\n<p>Tambi\u00e9n puede comenzar con una consulta gratuita y confidencial por tel\u00e9fono o en l\u00ednea.<\/p>\n\n<p>Llame al <a href=\"tel:+18189627071\"> (818) 962-7071<\/a> o visite nuestra <a href=\"https:\/\/www.peeralilaw.com\/es\/abogado-de-lesiones-personales-en-hollywood-la\/\">p\u00e1gina de la oficina de Hollywood<\/a> para obtener indicaciones, un mapa y detalles de contacto.<\/p>\n\n<h3 class=\"wp-block-heading\">Abogados de lesiones listos para el juicio<\/h3>\n\n<p>Muchos bufetes de abogados de lesiones personales en Los \u00c1ngeles se centran \u00fanicamente en el trabajo previo al litigio, lo que significa manejar tareas como presentar documentos, enviar cartas de demanda e intentar asegurar un acuerdo. Si bien esta es una parte importante del proceso legal, no todos los bufetes de abogados pueden manejar casos de lesiones personales si van a juicio. <\/p>\n\n<p>En Peerali Law, somos expertos tanto en el litigio previo al juicio <em>como<\/em> en el litigio en juicio. <\/p>\n\n<p>Desde el momento en que aceptamos un caso, lo preparamos como si pudiera ir a juicio. Esto significa que reunimos evidencia convincente, obtenemos testimonios de testigos, consultamos con expertos m\u00e9dicos l\u00edderes y construimos una s\u00f3lida estrategia legal que demuestre la responsabilidad y maximice sus posibilidades de \u00e9xito. <\/p>\n\n<p>\u00bfEl beneficio para usted? Tiene un equipo legal que est\u00e1 listo para cualquier resultado. No hay necesidad de cambiar de abogado a mitad del caso, ni demoras, ni riesgo de lagunas de evidencia que puedan debilitar su reclamo.  <\/p>\n\n<h3 class=\"wp-block-heading\">Nuestros Abogados<\/h3>\n\n<p>En Peerali Law, su caso es manejado por abogados litigantes experimentados que se dedican a lograr justicia para cada cliente. <a href=\"https:\/\/www.peeralilaw.com\/es\/nuestros-abogados\/\">Nuestros abogados<\/a> son:<\/p>\n\n<ul class=\"wp-block-list\">\n<li><a href=\"https:\/\/www.peeralilaw.com\/es\/quienes-somos\/kristopher-peerali\/\">Kristopher Peerali<\/a>, socio cofundador, es conocido por su trabajo en casos complejos de lesiones personales y litigios de alto riesgo. A menudo, otros bufetes de abogados lo llaman para dirigir litigios en casos de lesiones catastr\u00f3ficas donde la responsabilidad es dif\u00edcil de probar y los riesgos son altos. <\/li>\n\n\n\n<li><a href=\"https:\/\/www.peeralilaw.com\/es\/quienes-somos\/serena-peerali\/\">Serena Peerali<\/a>, socia cofundadora, es una experta reconocida en lesiones personales catastr\u00f3ficas y trabajo de juicio. Aporta una estrategia legal aguda y una defensa implacable a cada caso, asegurando que los clientes tengan una voz poderosa tanto dentro como fuera de la sala del tribunal. <\/li>\n\n\n\n<li><a href=\"https:\/\/www.peeralilaw.com\/es\/quienes-somos\/ali-hosseini\/\">Ali Hosseini<\/a> es un abogado de lesiones personales con experiencia que reside en el Condado de Orange. Representa a clientes en tribunales de todo California, luchando por aquellos perjudicados por negligencia en una amplia gama de asuntos de lesiones personales. <\/li>\n<\/ul>\n","protected":false},"excerpt":{"rendered":"<p>Leer m\u00e1s Peerali Law es un bufete de abogados boutique en Los \u00c1ngeles que se especializa en lesiones complejas y catastr\u00f3ficas. El bufete fue fundado por Kristopher Peerali y Serena Peerali, ambos abogados de lesiones personales con experiencia. Desde 2021, han recuperado m\u00e1s de $50 millones en compensaci\u00f3n para sus clientes. We handle a wide range of personal injury cases, including catastrophic injuries, wrongful death, medical malpractice, funeral home negligence, car accidents and more. No matter how complex or sensitive the situation, we approach every case with determination, compassion, and an unwavering focus on results. Nuestra experiencia significa que podemos [manejar] virtualmente todo tipo de reclamo por lesiones personales en Los \u00c1ngeles. Explore todas nuestras \u00e1reas de pr\u00e1ctica para ver c\u00f3mo podemos ayudar. Nuestra oficina Peerali Law tiene su sede en el \u00e1rea de Hollywood Hills de Los \u00c1ngeles. Si desea reunirse en persona, puede visitar nuestra oficina en 3575 Cahuenga Blvd, Suite 480, Los \u00c1ngeles, CA 90068. Tambi\u00e9n puede comenzar con una consulta gratuita y confidencial por tel\u00e9fono o en l\u00ednea. Llame al (818) 962-7071 o visite nuestra p\u00e1gina de la oficina de Hollywood para obtener indicaciones, un mapa y detalles de contacto. Abogados de lesiones listos para el juicio Muchos bufetes de abogados de lesiones personales en Los \u00c1ngeles se centran \u00fanicamente en el trabajo previo al litigio, lo que significa manejar tareas como presentar documentos, enviar cartas de demanda e intentar asegurar un acuerdo. Si bien esta es una parte importante del proceso legal, no todos los bufetes de abogados pueden manejar casos de lesiones personales si van a juicio. En Peerali Law, somos expertos tanto en el litigio previo al juicio como en el litigio en juicio. Desde el momento en que aceptamos un caso, lo preparamos como si pudiera ir a juicio. Esto significa que reunimos evidencia convincente, obtenemos testimonios de testigos, consultamos con expertos m\u00e9dicos l\u00edderes y construimos una s\u00f3lida estrategia legal que demuestre la responsabilidad y maximice sus posibilidades de \u00e9xito. \u00bfEl beneficio para usted? Tiene un equipo legal que est\u00e1 listo para cualquier resultado. No hay necesidad de cambiar de abogado a mitad del caso, ni demoras, ni riesgo de lagunas de evidencia que puedan debilitar su reclamo. Nuestros Abogados En Peerali Law, su caso es manejado por abogados litigantes experimentados que se dedican a lograr justicia para cada cliente. Nuestros abogados son:<\/p>\n","protected":false},"author":2,"featured_media":0,"parent":0,"menu_order":0,"comment_status":"closed","ping_status":"closed","template":"templates\/page-about-us-new.php","meta":{"_acf_changed":false,"footnotes":""},"class_list":["post-2792","page","type-page","status-publish","hentry"],"acf":[],"yoast_head":"<!-- This site is optimized with the Yoast SEO plugin v26.8 - https:\/\/yoast.com\/product\/yoast-seo-wordpress\/ -->\n<title>Qui\u00e9nes somos | Peerali Law<\/title>\n<meta name=\"description\" content=\"En el centro de nuestra pr\u00e1ctica, nuestros abogados de lesiones personales creen que la persistencia, la pasi\u00f3n y la creatividad brindan resultados sobresalientes para nuestros clientes. \u00a1Llame hoy mismo!\" \/>\n<meta name=\"robots\" content=\"index, nofollow, max-snippet:-1, max-image-preview:large, max-video-preview:-1\" \/>\n<link rel=\"canonical\" href=\"https:\/\/www.peeralilaw.com\/es\/quienes-somos\/\" \/>\n<meta property=\"og:locale\" content=\"es_ES\" \/>\n<meta property=\"og:type\" content=\"article\" \/>\n<meta property=\"og:title\" content=\"Qui\u00e9nes somos | Peerali Law\" \/>\n<meta property=\"og:description\" content=\"En el centro de nuestra pr\u00e1ctica, nuestros abogados de lesiones personales creen que la persistencia, la pasi\u00f3n y la creatividad brindan resultados sobresalientes para nuestros clientes. \u00a1Llame hoy mismo!\" \/>\n<meta property=\"og:url\" content=\"https:\/\/www.peeralilaw.com\/es\/quienes-somos\/\" \/>\n<meta property=\"og:site_name\" content=\"Peerali Law\" \/>\n<meta property=\"article:modified_time\" content=\"2026-01-28T10:39:49+00:00\" \/>\n<meta property=\"og:image\" content=\"https:\/\/www.peeralilaw.com\/wp-content\/uploads\/2023\/03\/cropped-peerali-favicon.png\" \/>\n\t<meta property=\"og:image:width\" content=\"512\" \/>\n\t<meta property=\"og:image:height\" content=\"512\" \/>\n\t<meta property=\"og:image:type\" content=\"image\/png\" \/>\n<meta name=\"twitter:card\" content=\"summary_large_image\" \/>\n<meta name=\"twitter:label1\" content=\"Tiempo de lectura\" \/>\n\t<meta name=\"twitter:data1\" content=\"3 minutos\" \/>\n<script type=\"application\/ld+json\" class=\"yoast-schema-graph\">{\"@context\":\"https:\/\/schema.org\",\"@graph\":[{\"@type\":\"WebPage\",\"@id\":\"https:\/\/www.peeralilaw.com\/es\/quienes-somos\/\",\"url\":\"https:\/\/www.peeralilaw.com\/es\/quienes-somos\/\",\"name\":\"Qui\u00e9nes somos | Peerali Law\",\"isPartOf\":{\"@id\":\"https:\/\/www.peeralilaw.com\/es\/#website\"},\"datePublished\":\"2019-01-04T22:28:37+00:00\",\"dateModified\":\"2026-01-28T10:39:49+00:00\",\"description\":\"En el centro de nuestra pr\u00e1ctica, nuestros abogados de lesiones personales creen que la persistencia, la pasi\u00f3n y la creatividad brindan resultados sobresalientes para nuestros clientes. \u00a1Llame hoy mismo!\",\"breadcrumb\":{\"@id\":\"https:\/\/www.peeralilaw.com\/es\/quienes-somos\/#breadcrumb\"},\"inLanguage\":\"es\",\"potentialAction\":[{\"@type\":\"ReadAction\",\"target\":[\"https:\/\/www.peeralilaw.com\/es\/quienes-somos\/\"]}]},{\"@type\":\"BreadcrumbList\",\"@id\":\"https:\/\/www.peeralilaw.com\/es\/quienes-somos\/#breadcrumb\",\"itemListElement\":[{\"@type\":\"ListItem\",\"position\":1,\"name\":\"Home\",\"item\":\"https:\/\/www.peeralilaw.com\/es\/\"},{\"@type\":\"ListItem\",\"position\":2,\"name\":\"Qui\u00e9nes somos\"}]},{\"@type\":\"WebSite\",\"@id\":\"https:\/\/www.peeralilaw.com\/es\/#website\",\"url\":\"https:\/\/www.peeralilaw.com\/es\/\",\"name\":\"Peerali Law\",\"description\":\"\",\"publisher\":{\"@id\":\"https:\/\/www.peeralilaw.com\/es\/#organization\"},\"potentialAction\":[{\"@type\":\"SearchAction\",\"target\":{\"@type\":\"EntryPoint\",\"urlTemplate\":\"https:\/\/www.peeralilaw.com\/es\/?s={search_term_string}\"},\"query-input\":{\"@type\":\"PropertyValueSpecification\",\"valueRequired\":true,\"valueName\":\"search_term_string\"}}],\"inLanguage\":\"es\"},{\"@type\":\"Organization\",\"@id\":\"https:\/\/www.peeralilaw.com\/es\/#organization\",\"name\":\"Peerali Law\",\"url\":\"https:\/\/www.peeralilaw.com\/es\/\",\"logo\":{\"@type\":\"ImageObject\",\"inLanguage\":\"es\",\"@id\":\"https:\/\/www.peeralilaw.com\/es\/#\/schema\/logo\/image\/\",\"url\":\"https:\/\/www.peeralilaw.com\/wp-content\/uploads\/2023\/03\/cropped-peerali-favicon.png\",\"contentUrl\":\"https:\/\/www.peeralilaw.com\/wp-content\/uploads\/2023\/03\/cropped-peerali-favicon.png\",\"width\":512,\"height\":512,\"caption\":\"Peerali Law\"},\"image\":{\"@id\":\"https:\/\/www.peeralilaw.com\/es\/#\/schema\/logo\/image\/\"}}]}<\/script>\n<!-- \/ Yoast SEO plugin. -->","yoast_head_json":{"title":"Qui\u00e9nes somos | Peerali Law","description":"En el centro de nuestra pr\u00e1ctica, nuestros abogados de lesiones personales creen que la persistencia, la pasi\u00f3n y la creatividad brindan resultados sobresalientes para nuestros clientes. \u00a1Llame hoy mismo!","robots":{"index":"index","follow":"nofollow","max-snippet":"max-snippet:-1","max-image-preview":"max-image-preview:large","max-video-preview":"max-video-preview:-1"},"canonical":"https:\/\/www.peeralilaw.com\/es\/quienes-somos\/","og_locale":"es_ES","og_type":"article","og_title":"Qui\u00e9nes somos | Peerali Law","og_description":"En el centro de nuestra pr\u00e1ctica, nuestros abogados de lesiones personales creen que la persistencia, la pasi\u00f3n y la creatividad brindan resultados sobresalientes para nuestros clientes. \u00a1Llame hoy mismo!","og_url":"https:\/\/www.peeralilaw.com\/es\/quienes-somos\/","og_site_name":"Peerali Law","article_modified_time":"2026-01-28T10:39:49+00:00","og_image":[{"width":512,"height":512,"url":"https:\/\/www.peeralilaw.com\/wp-content\/uploads\/2023\/03\/cropped-peerali-favicon.png","type":"image\/png"}],"twitter_card":"summary_large_image","twitter_misc":{"Tiempo de lectura":"3 minutos"},"schema":{"@context":"https:\/\/schema.org","@graph":[{"@type":"WebPage","@id":"https:\/\/www.peeralilaw.com\/es\/quienes-somos\/","url":"https:\/\/www.peeralilaw.com\/es\/quienes-somos\/","name":"Qui\u00e9nes somos | Peerali Law","isPartOf":{"@id":"https:\/\/www.peeralilaw.com\/es\/#website"},"datePublished":"2019-01-04T22:28:37+00:00","dateModified":"2026-01-28T10:39:49+00:00","description":"En el centro de nuestra pr\u00e1ctica, nuestros abogados de lesiones personales creen que la persistencia, la pasi\u00f3n y la creatividad brindan resultados sobresalientes para nuestros clientes. \u00a1Llame hoy mismo!","breadcrumb":{"@id":"https:\/\/www.peeralilaw.com\/es\/quienes-somos\/#breadcrumb"},"inLanguage":"es","potentialAction":[{"@type":"ReadAction","target":["https:\/\/www.peeralilaw.com\/es\/quienes-somos\/"]}]},{"@type":"BreadcrumbList","@id":"https:\/\/www.peeralilaw.com\/es\/quienes-somos\/#breadcrumb","itemListElement":[{"@type":"ListItem","position":1,"name":"Home","item":"https:\/\/www.peeralilaw.com\/es\/"},{"@type":"ListItem","position":2,"name":"Qui\u00e9nes somos"}]},{"@type":"WebSite","@id":"https:\/\/www.peeralilaw.com\/es\/#website","url":"https:\/\/www.peeralilaw.com\/es\/","name":"Peerali Law","description":"","publisher":{"@id":"https:\/\/www.peeralilaw.com\/es\/#organization"},"potentialAction":[{"@type":"SearchAction","target":{"@type":"EntryPoint","urlTemplate":"https:\/\/www.peeralilaw.com\/es\/?s={search_term_string}"},"query-input":{"@type":"PropertyValueSpecification","valueRequired":true,"valueName":"search_term_string"}}],"inLanguage":"es"},{"@type":"Organization","@id":"https:\/\/www.peeralilaw.com\/es\/#organization","name":"Peerali Law","url":"https:\/\/www.peeralilaw.com\/es\/","logo":{"@type":"ImageObject","inLanguage":"es","@id":"https:\/\/www.peeralilaw.com\/es\/#\/schema\/logo\/image\/","url":"https:\/\/www.peeralilaw.com\/wp-content\/uploads\/2023\/03\/cropped-peerali-favicon.png","contentUrl":"https:\/\/www.peeralilaw.com\/wp-content\/uploads\/2023\/03\/cropped-peerali-favicon.png","width":512,"height":512,"caption":"Peerali Law"},"image":{"@id":"https:\/\/www.peeralilaw.com\/es\/#\/schema\/logo\/image\/"}}]}},"_links":{"self":[{"href":"https:\/\/www.peeralilaw.com\/es\/wp-json\/wp\/v2\/pages\/2792","targetHints":{"allow":["GET"]}}],"collection":[{"href":"https:\/\/www.peeralilaw.com\/es\/wp-json\/wp\/v2\/pages"}],"about":[{"href":"https:\/\/www.peeralilaw.com\/es\/wp-json\/wp\/v2\/types\/page"}],"author":[{"embeddable":true,"href":"https:\/\/www.peeralilaw.com\/es\/wp-json\/wp\/v2\/users\/2"}],"replies":[{"embeddable":true,"href":"https:\/\/www.peeralilaw.com\/es\/wp-json\/wp\/v2\/comments?post=2792"}],"version-history":[{"count":7,"href":"https:\/\/www.peeralilaw.com\/es\/wp-json\/wp\/v2\/pages\/2792\/revisions"}],"predecessor-version":[{"id":4121,"href":"https:\/\/www.peeralilaw.com\/es\/wp-json\/wp\/v2\/pages\/2792\/revisions\/4121"}],"wp:attachment":[{"href":"https:\/\/www.peeralilaw.com\/es\/wp-json\/wp\/v2\/media?parent=2792"}],"curies":[{"name":"wp","href":"https:\/\/api.w.org\/{rel}","templated":true}]}}