{"id":2707,"date":"2019-08-08T20:54:12","date_gmt":"2019-08-09T03:54:12","guid":{"rendered":"https:\/\/www.peeralilaw.com\/testimonios\/"},"modified":"2026-01-06T00:17:07","modified_gmt":"2026-01-06T07:17:07","slug":"testimonios","status":"publish","type":"page","link":"https:\/\/www.peeralilaw.com\/es\/testimonios\/","title":{"rendered":"Testimonios"},"content":{"rendered":"\n<h2 class=\"wp-block-heading has-text-align-center\">Vea lo que nuestros clientes dicen sobre trabajar con Peerali Law<\/h2>\n\n\n\n<p>Los clientes recurren a <a href=\"https:\/\/www.peeralilaw.com\/es\/\">Peerali Law<\/a> durante algunos de los momentos m\u00e1s dif\u00edciles de sus vidas, y conf\u00edan en que obtendremos la justicia que merecen. Como firma especializada en lesiones complejas y <a href=\"https:\/\/www.peeralilaw.com\/es\/areas-de-practica\/abogado-lesiones-catastroficas\/\">catastr\u00f3ficas<\/a>, limitamos nuestra carga de casos, preparamos cada caso como si fuera a juicio y brindamos a cada cliente acceso directo a <a href=\"https:\/\/www.peeralilaw.com\/es\/nuestros-abogados\/\">nuestros abogados<\/a>. <\/p>\n\n\n\n<p class=\"has-text-align-center\">Las siguientes rese\u00f1as reflejan lo que distingue a Peerali Law. Esto incluye una comunicaci\u00f3n excepcional, una preparaci\u00f3n rigurosa de los casos y un enfoque orientado a los resultados que ha ayudado a asegurar m\u00e1s de $50 millones en <a href=\"https:\/\/www.peeralilaw.com\/es\/resultados-de-casos\/\">resultados de casos<\/a> para las v\u00edctimas de lesiones y sus familias. <\/p>\n\n\n\n<div style=\"height:50px\" aria-hidden=\"true\" class=\"wp-block-spacer\"><\/div>\n\n\n\n<div data-src=\"https:\/\/cdn.trustindex.io\/loader.js?1f74e6a61623662acf769532499\"><\/div>\n","protected":false},"excerpt":{"rendered":"<p>Vea lo que nuestros clientes dicen sobre trabajar con Peerali Law Los clientes recurren a Peerali Law durante algunos de los momentos m\u00e1s dif\u00edciles de sus vidas, y conf\u00edan en que obtendremos la justicia que merecen. Como firma especializada en lesiones complejas y catastr\u00f3ficas, limitamos nuestra carga de casos, preparamos cada caso como si fuera a juicio y brindamos a cada cliente acceso directo a nuestros abogados. Las siguientes rese\u00f1as reflejan lo que distingue a Peerali Law. Esto incluye una comunicaci\u00f3n excepcional, una preparaci\u00f3n rigurosa de los casos y un enfoque orientado a los resultados que ha ayudado a asegurar m\u00e1s de $50 millones en resultados de casos para las v\u00edctimas de lesiones y sus familias.<\/p>\n","protected":false},"author":2,"featured_media":0,"parent":0,"menu_order":0,"comment_status":"closed","ping_status":"closed","template":"","meta":{"_acf_changed":false,"footnotes":""},"class_list":["post-2707","page","type-page","status-publish","hentry"],"acf":[],"yoast_head":"<!-- This site is optimized with the Yoast SEO plugin v27.4 - https:\/\/yoast.com\/product\/yoast-seo-wordpress\/ -->\n<title>Testimonios | Peerali Law<\/title>\n<meta name=\"description\" content=\"Vea lo que nuestros clientes dicen en las rese\u00f1as de Google: Contacte a Peerali Law hoy mismo para una consulta gratuita.\" \/>\n<meta name=\"robots\" content=\"index, follow, max-snippet:-1, max-image-preview:large, max-video-preview:-1\" \/>\n<link rel=\"canonical\" href=\"https:\/\/www.peeralilaw.com\/es\/testimonios\/\" \/>\n<meta property=\"og:locale\" content=\"es_ES\" \/>\n<meta property=\"og:type\" content=\"article\" \/>\n<meta property=\"og:title\" content=\"Testimonios | Peerali Law\" \/>\n<meta property=\"og:description\" content=\"Vea lo que nuestros clientes dicen en las rese\u00f1as de Google: Contacte a Peerali Law hoy mismo para una consulta gratuita.\" \/>\n<meta property=\"og:url\" content=\"https:\/\/www.peeralilaw.com\/es\/testimonios\/\" \/>\n<meta property=\"og:site_name\" content=\"Peerali Law\" \/>\n<meta property=\"article:modified_time\" content=\"2026-01-06T07:17:07+00:00\" \/>\n<meta property=\"og:image\" content=\"https:\/\/www.peeralilaw.com\/wp-content\/uploads\/2023\/03\/cropped-peerali-favicon.png\" \/>\n\t<meta property=\"og:image:width\" content=\"512\" \/>\n\t<meta property=\"og:image:height\" content=\"512\" \/>\n\t<meta property=\"og:image:type\" content=\"image\/png\" \/>\n<meta name=\"twitter:card\" content=\"summary_large_image\" \/>\n<meta name=\"twitter:label1\" content=\"Tiempo de lectura\" \/>\n\t<meta name=\"twitter:data1\" content=\"1 minuto\" \/>\n<script type=\"application\/ld+json\" class=\"yoast-schema-graph\">{\"@context\":\"https:\\\/\\\/schema.org\",\"@graph\":[{\"@type\":\"WebPage\",\"@id\":\"https:\\\/\\\/www.peeralilaw.com\\\/es\\\/testimonios\\\/\",\"url\":\"https:\\\/\\\/www.peeralilaw.com\\\/es\\\/testimonios\\\/\",\"name\":\"Testimonios | Peerali Law\",\"isPartOf\":{\"@id\":\"https:\\\/\\\/www.peeralilaw.com\\\/es\\\/#website\"},\"datePublished\":\"2019-08-09T03:54:12+00:00\",\"dateModified\":\"2026-01-06T07:17:07+00:00\",\"description\":\"Vea lo que nuestros clientes dicen en las rese\u00f1as de Google: Contacte a Peerali Law hoy mismo para una consulta gratuita.\",\"breadcrumb\":{\"@id\":\"https:\\\/\\\/www.peeralilaw.com\\\/es\\\/testimonios\\\/#breadcrumb\"},\"inLanguage\":\"es\",\"potentialAction\":[{\"@type\":\"ReadAction\",\"target\":[\"https:\\\/\\\/www.peeralilaw.com\\\/es\\\/testimonios\\\/\"]}]},{\"@type\":\"BreadcrumbList\",\"@id\":\"https:\\\/\\\/www.peeralilaw.com\\\/es\\\/testimonios\\\/#breadcrumb\",\"itemListElement\":[{\"@type\":\"ListItem\",\"position\":1,\"name\":\"Home\",\"item\":\"https:\\\/\\\/www.peeralilaw.com\\\/es\\\/\"},{\"@type\":\"ListItem\",\"position\":2,\"name\":\"Testimonios\"}]},{\"@type\":\"WebSite\",\"@id\":\"https:\\\/\\\/www.peeralilaw.com\\\/es\\\/#website\",\"url\":\"https:\\\/\\\/www.peeralilaw.com\\\/es\\\/\",\"name\":\"Peerali Law\",\"description\":\"\",\"publisher\":{\"@id\":\"https:\\\/\\\/www.peeralilaw.com\\\/es\\\/#organization\"},\"potentialAction\":[{\"@type\":\"SearchAction\",\"target\":{\"@type\":\"EntryPoint\",\"urlTemplate\":\"https:\\\/\\\/www.peeralilaw.com\\\/es\\\/?s={search_term_string}\"},\"query-input\":{\"@type\":\"PropertyValueSpecification\",\"valueRequired\":true,\"valueName\":\"search_term_string\"}}],\"inLanguage\":\"es\"},{\"@type\":\"Organization\",\"@id\":\"https:\\\/\\\/www.peeralilaw.com\\\/es\\\/#organization\",\"name\":\"Peerali Law\",\"url\":\"https:\\\/\\\/www.peeralilaw.com\\\/es\\\/\",\"logo\":{\"@type\":\"ImageObject\",\"inLanguage\":\"es\",\"@id\":\"https:\\\/\\\/www.peeralilaw.com\\\/es\\\/#\\\/schema\\\/logo\\\/image\\\/\",\"url\":\"https:\\\/\\\/www.peeralilaw.com\\\/wp-content\\\/uploads\\\/2023\\\/03\\\/cropped-peerali-favicon.png\",\"contentUrl\":\"https:\\\/\\\/www.peeralilaw.com\\\/wp-content\\\/uploads\\\/2023\\\/03\\\/cropped-peerali-favicon.png\",\"width\":512,\"height\":512,\"caption\":\"Peerali Law\"},\"image\":{\"@id\":\"https:\\\/\\\/www.peeralilaw.com\\\/es\\\/#\\\/schema\\\/logo\\\/image\\\/\"}}]}<\/script>\n<!-- \/ Yoast SEO plugin. -->","yoast_head_json":{"title":"Testimonios | Peerali Law","description":"Vea lo que nuestros clientes dicen en las rese\u00f1as de Google: Contacte a Peerali Law hoy mismo para una consulta gratuita.","robots":{"index":"index","follow":"follow","max-snippet":"max-snippet:-1","max-image-preview":"max-image-preview:large","max-video-preview":"max-video-preview:-1"},"canonical":"https:\/\/www.peeralilaw.com\/es\/testimonios\/","og_locale":"es_ES","og_type":"article","og_title":"Testimonios | Peerali Law","og_description":"Vea lo que nuestros clientes dicen en las rese\u00f1as de Google: Contacte a Peerali Law hoy mismo para una consulta gratuita.","og_url":"https:\/\/www.peeralilaw.com\/es\/testimonios\/","og_site_name":"Peerali Law","article_modified_time":"2026-01-06T07:17:07+00:00","og_image":[{"width":512,"height":512,"url":"https:\/\/www.peeralilaw.com\/wp-content\/uploads\/2023\/03\/cropped-peerali-favicon.png","type":"image\/png"}],"twitter_card":"summary_large_image","twitter_misc":{"Tiempo de lectura":"1 minuto"},"schema":{"@context":"https:\/\/schema.org","@graph":[{"@type":"WebPage","@id":"https:\/\/www.peeralilaw.com\/es\/testimonios\/","url":"https:\/\/www.peeralilaw.com\/es\/testimonios\/","name":"Testimonios | Peerali Law","isPartOf":{"@id":"https:\/\/www.peeralilaw.com\/es\/#website"},"datePublished":"2019-08-09T03:54:12+00:00","dateModified":"2026-01-06T07:17:07+00:00","description":"Vea lo que nuestros clientes dicen en las rese\u00f1as de Google: Contacte a Peerali Law hoy mismo para una consulta gratuita.","breadcrumb":{"@id":"https:\/\/www.peeralilaw.com\/es\/testimonios\/#breadcrumb"},"inLanguage":"es","potentialAction":[{"@type":"ReadAction","target":["https:\/\/www.peeralilaw.com\/es\/testimonios\/"]}]},{"@type":"BreadcrumbList","@id":"https:\/\/www.peeralilaw.com\/es\/testimonios\/#breadcrumb","itemListElement":[{"@type":"ListItem","position":1,"name":"Home","item":"https:\/\/www.peeralilaw.com\/es\/"},{"@type":"ListItem","position":2,"name":"Testimonios"}]},{"@type":"WebSite","@id":"https:\/\/www.peeralilaw.com\/es\/#website","url":"https:\/\/www.peeralilaw.com\/es\/","name":"Peerali Law","description":"","publisher":{"@id":"https:\/\/www.peeralilaw.com\/es\/#organization"},"potentialAction":[{"@type":"SearchAction","target":{"@type":"EntryPoint","urlTemplate":"https:\/\/www.peeralilaw.com\/es\/?s={search_term_string}"},"query-input":{"@type":"PropertyValueSpecification","valueRequired":true,"valueName":"search_term_string"}}],"inLanguage":"es"},{"@type":"Organization","@id":"https:\/\/www.peeralilaw.com\/es\/#organization","name":"Peerali Law","url":"https:\/\/www.peeralilaw.com\/es\/","logo":{"@type":"ImageObject","inLanguage":"es","@id":"https:\/\/www.peeralilaw.com\/es\/#\/schema\/logo\/image\/","url":"https:\/\/www.peeralilaw.com\/wp-content\/uploads\/2023\/03\/cropped-peerali-favicon.png","contentUrl":"https:\/\/www.peeralilaw.com\/wp-content\/uploads\/2023\/03\/cropped-peerali-favicon.png","width":512,"height":512,"caption":"Peerali Law"},"image":{"@id":"https:\/\/www.peeralilaw.com\/es\/#\/schema\/logo\/image\/"}}]}},"_links":{"self":[{"href":"https:\/\/www.peeralilaw.com\/es\/wp-json\/wp\/v2\/pages\/2707","targetHints":{"allow":["GET"]}}],"collection":[{"href":"https:\/\/www.peeralilaw.com\/es\/wp-json\/wp\/v2\/pages"}],"about":[{"href":"https:\/\/www.peeralilaw.com\/es\/wp-json\/wp\/v2\/types\/page"}],"author":[{"embeddable":true,"href":"https:\/\/www.peeralilaw.com\/es\/wp-json\/wp\/v2\/users\/2"}],"replies":[{"embeddable":true,"href":"https:\/\/www.peeralilaw.com\/es\/wp-json\/wp\/v2\/comments?post=2707"}],"version-history":[{"count":4,"href":"https:\/\/www.peeralilaw.com\/es\/wp-json\/wp\/v2\/pages\/2707\/revisions"}],"predecessor-version":[{"id":4002,"href":"https:\/\/www.peeralilaw.com\/es\/wp-json\/wp\/v2\/pages\/2707\/revisions\/4002"}],"wp:attachment":[{"href":"https:\/\/www.peeralilaw.com\/es\/wp-json\/wp\/v2\/media?parent=2707"}],"curies":[{"name":"wp","href":"https:\/\/api.w.org\/{rel}","templated":true}]}}