{"id":2629,"date":"2025-01-13T18:32:25","date_gmt":"2025-01-14T01:32:25","guid":{"rendered":"https:\/\/www.peeralilaw.com\/descargo-de-responsabilidad\/"},"modified":"2025-07-18T03:12:05","modified_gmt":"2025-07-18T10:12:05","slug":"descargo-de-responsabilidad","status":"publish","type":"page","link":"https:\/\/www.peeralilaw.com\/es\/descargo-de-responsabilidad\/","title":{"rendered":"Descargo de responsabilidad"},"content":{"rendered":"\n<p>Este sitio web s\u00f3lo tiene fines informativos y constituye un anuncio de abogados. El contenido de este sitio no pretende proporcionar asesoramiento jur\u00eddico ni crear una relaci\u00f3n abogado-cliente. Ver o interactuar con este sitio web no establece tal relaci\u00f3n entre t\u00fa y nuestro bufete.  <\/p>\n\n<p>No env\u00edes informaci\u00f3n confidencial o sensible a trav\u00e9s de este sitio web o de sus formularios de contacto. Las comunicaciones a trav\u00e9s del sitio web no son seguras y pueden no estar protegidas por el privilegio abogado-cliente. Si necesitas asesoramiento o representaci\u00f3n legal, ponte en contacto directamente con nuestro despacho para concertar una consulta.  <\/p>\n\n<p>La informaci\u00f3n proporcionada en este sitio es de car\u00e1cter general y puede no aplicarse a tu situaci\u00f3n espec\u00edfica. Debes consultar a un abogado para obtener asesoramiento adaptado a tus circunstancias. <\/p>\n\n<p>Los resultados de casos anteriores a los que se hace referencia en este sitio no garantizan resultados futuros. Cada asunto jur\u00eddico es \u00fanico, y los resultados dependen de los hechos concretos y de la legislaci\u00f3n aplicable. <\/p>\n\n<p>Limitaci\u00f3n jurisdiccional: Nuestro bufete est\u00e1 autorizado para ejercer la abogac\u00eda en el estado de California. Este sitio web no pretende solicitar clientes fuera de esta jurisdicci\u00f3n. <\/p>\n\n<p>Aviso sobre los derechos de autor: Todo el contenido de este sitio est\u00e1 protegido por derechos de autor y no puede ser reproducido sin permiso. Sitio web dise\u00f1ado por JurisDigital. <\/p>\n","protected":false},"excerpt":{"rendered":"<p>Este sitio web s\u00f3lo tiene fines informativos y constituye un anuncio de abogados. El contenido de este sitio no pretende proporcionar asesoramiento jur\u00eddico ni crear una relaci\u00f3n abogado-cliente. Ver o interactuar con este sitio web no establece tal relaci\u00f3n entre t\u00fa y nuestro bufete. No env\u00edes informaci\u00f3n confidencial o sensible a trav\u00e9s de este sitio web o de sus formularios de contacto. Las comunicaciones a trav\u00e9s del sitio web no son seguras y pueden no estar protegidas por el privilegio abogado-cliente. Si necesitas asesoramiento o representaci\u00f3n legal, ponte en contacto directamente con nuestro despacho para concertar una consulta. La informaci\u00f3n proporcionada en este sitio es de car\u00e1cter general y puede no aplicarse a tu situaci\u00f3n espec\u00edfica. Debes consultar a un abogado para obtener asesoramiento adaptado a tus circunstancias. Los resultados de casos anteriores a los que se hace referencia en este sitio no garantizan resultados futuros. Cada asunto jur\u00eddico es \u00fanico, y los resultados dependen de los hechos concretos y de la legislaci\u00f3n aplicable. Limitaci\u00f3n jurisdiccional: Nuestro bufete est\u00e1 autorizado para ejercer la abogac\u00eda en el estado de California. Este sitio web no pretende solicitar clientes fuera de esta jurisdicci\u00f3n. Aviso sobre los derechos de autor: Todo el contenido de este sitio est\u00e1 protegido por derechos de autor y no puede ser reproducido sin permiso. Sitio web dise\u00f1ado por JurisDigital.<\/p>\n","protected":false},"author":5,"featured_media":0,"parent":0,"menu_order":0,"comment_status":"closed","ping_status":"closed","template":"","meta":{"_acf_changed":false,"footnotes":""},"class_list":["post-2629","page","type-page","status-publish","hentry"],"acf":[],"yoast_head":"<!-- This site is optimized with the Yoast SEO plugin v26.8 - https:\/\/yoast.com\/product\/yoast-seo-wordpress\/ -->\n<title>Descargo de responsabilidad | Peerali Law<\/title>\n<meta name=\"robots\" content=\"index, follow, max-snippet:-1, max-image-preview:large, max-video-preview:-1\" \/>\n<link rel=\"canonical\" href=\"https:\/\/www.peeralilaw.com\/es\/descargo-de-responsabilidad\/\" \/>\n<meta property=\"og:locale\" content=\"es_ES\" \/>\n<meta property=\"og:type\" content=\"article\" \/>\n<meta property=\"og:title\" content=\"Descargo de responsabilidad | Peerali Law\" \/>\n<meta property=\"og:description\" content=\"Este sitio web s\u00f3lo tiene fines informativos y constituye un anuncio de abogados. El contenido de este sitio no pretende proporcionar asesoramiento jur\u00eddico ni crear una relaci\u00f3n abogado-cliente. Ver o interactuar con este sitio web no establece tal relaci\u00f3n entre t\u00fa y nuestro bufete. No env\u00edes informaci\u00f3n confidencial o sensible a trav\u00e9s de este sitio web o de sus formularios de contacto. Las comunicaciones a trav\u00e9s del sitio web no son seguras y pueden no estar protegidas por el privilegio abogado-cliente. Si necesitas asesoramiento o representaci\u00f3n legal, ponte en contacto directamente con nuestro despacho para concertar una consulta. La informaci\u00f3n proporcionada en este sitio es de car\u00e1cter general y puede no aplicarse a tu situaci\u00f3n espec\u00edfica. Debes consultar a un abogado para obtener asesoramiento adaptado a tus circunstancias. Los resultados de casos anteriores a los que se hace referencia en este sitio no garantizan resultados futuros. Cada asunto jur\u00eddico es \u00fanico, y los resultados dependen de los hechos concretos y de la legislaci\u00f3n aplicable. Limitaci\u00f3n jurisdiccional: Nuestro bufete est\u00e1 autorizado para ejercer la abogac\u00eda en el estado de California. Este sitio web no pretende solicitar clientes fuera de esta jurisdicci\u00f3n. Aviso sobre los derechos de autor: Todo el contenido de este sitio est\u00e1 protegido por derechos de autor y no puede ser reproducido sin permiso. Sitio web dise\u00f1ado por JurisDigital.\" \/>\n<meta property=\"og:url\" content=\"https:\/\/www.peeralilaw.com\/es\/descargo-de-responsabilidad\/\" \/>\n<meta property=\"og:site_name\" content=\"Peerali Law\" \/>\n<meta property=\"article:modified_time\" content=\"2025-07-18T10:12:05+00:00\" \/>\n<meta property=\"og:image\" content=\"https:\/\/www.peeralilaw.com\/wp-content\/uploads\/2023\/03\/cropped-peerali-favicon.png\" \/>\n\t<meta property=\"og:image:width\" content=\"512\" \/>\n\t<meta property=\"og:image:height\" content=\"512\" \/>\n\t<meta property=\"og:image:type\" content=\"image\/png\" \/>\n<meta name=\"twitter:card\" content=\"summary_large_image\" \/>\n<meta name=\"twitter:label1\" content=\"Tiempo de lectura\" \/>\n\t<meta name=\"twitter:data1\" content=\"1 minuto\" \/>\n<script type=\"application\/ld+json\" class=\"yoast-schema-graph\">{\"@context\":\"https:\/\/schema.org\",\"@graph\":[{\"@type\":\"WebPage\",\"@id\":\"https:\/\/www.peeralilaw.com\/es\/descargo-de-responsabilidad\/\",\"url\":\"https:\/\/www.peeralilaw.com\/es\/descargo-de-responsabilidad\/\",\"name\":\"Descargo de responsabilidad | Peerali Law\",\"isPartOf\":{\"@id\":\"https:\/\/www.peeralilaw.com\/es\/#website\"},\"datePublished\":\"2025-01-14T01:32:25+00:00\",\"dateModified\":\"2025-07-18T10:12:05+00:00\",\"breadcrumb\":{\"@id\":\"https:\/\/www.peeralilaw.com\/es\/descargo-de-responsabilidad\/#breadcrumb\"},\"inLanguage\":\"es\",\"potentialAction\":[{\"@type\":\"ReadAction\",\"target\":[\"https:\/\/www.peeralilaw.com\/es\/descargo-de-responsabilidad\/\"]}]},{\"@type\":\"BreadcrumbList\",\"@id\":\"https:\/\/www.peeralilaw.com\/es\/descargo-de-responsabilidad\/#breadcrumb\",\"itemListElement\":[{\"@type\":\"ListItem\",\"position\":1,\"name\":\"Home\",\"item\":\"https:\/\/www.peeralilaw.com\/es\/\"},{\"@type\":\"ListItem\",\"position\":2,\"name\":\"Descargo de responsabilidad\"}]},{\"@type\":\"WebSite\",\"@id\":\"https:\/\/www.peeralilaw.com\/es\/#website\",\"url\":\"https:\/\/www.peeralilaw.com\/es\/\",\"name\":\"Peerali Law\",\"description\":\"\",\"publisher\":{\"@id\":\"https:\/\/www.peeralilaw.com\/es\/#organization\"},\"potentialAction\":[{\"@type\":\"SearchAction\",\"target\":{\"@type\":\"EntryPoint\",\"urlTemplate\":\"https:\/\/www.peeralilaw.com\/es\/?s={search_term_string}\"},\"query-input\":{\"@type\":\"PropertyValueSpecification\",\"valueRequired\":true,\"valueName\":\"search_term_string\"}}],\"inLanguage\":\"es\"},{\"@type\":\"Organization\",\"@id\":\"https:\/\/www.peeralilaw.com\/es\/#organization\",\"name\":\"Peerali Law\",\"url\":\"https:\/\/www.peeralilaw.com\/es\/\",\"logo\":{\"@type\":\"ImageObject\",\"inLanguage\":\"es\",\"@id\":\"https:\/\/www.peeralilaw.com\/es\/#\/schema\/logo\/image\/\",\"url\":\"https:\/\/www.peeralilaw.com\/wp-content\/uploads\/2023\/03\/cropped-peerali-favicon.png\",\"contentUrl\":\"https:\/\/www.peeralilaw.com\/wp-content\/uploads\/2023\/03\/cropped-peerali-favicon.png\",\"width\":512,\"height\":512,\"caption\":\"Peerali Law\"},\"image\":{\"@id\":\"https:\/\/www.peeralilaw.com\/es\/#\/schema\/logo\/image\/\"}}]}<\/script>\n<!-- \/ Yoast SEO plugin. -->","yoast_head_json":{"title":"Descargo de responsabilidad | Peerali Law","robots":{"index":"index","follow":"follow","max-snippet":"max-snippet:-1","max-image-preview":"max-image-preview:large","max-video-preview":"max-video-preview:-1"},"canonical":"https:\/\/www.peeralilaw.com\/es\/descargo-de-responsabilidad\/","og_locale":"es_ES","og_type":"article","og_title":"Descargo de responsabilidad | Peerali Law","og_description":"Este sitio web s\u00f3lo tiene fines informativos y constituye un anuncio de abogados. El contenido de este sitio no pretende proporcionar asesoramiento jur\u00eddico ni crear una relaci\u00f3n abogado-cliente. Ver o interactuar con este sitio web no establece tal relaci\u00f3n entre t\u00fa y nuestro bufete. No env\u00edes informaci\u00f3n confidencial o sensible a trav\u00e9s de este sitio web o de sus formularios de contacto. Las comunicaciones a trav\u00e9s del sitio web no son seguras y pueden no estar protegidas por el privilegio abogado-cliente. Si necesitas asesoramiento o representaci\u00f3n legal, ponte en contacto directamente con nuestro despacho para concertar una consulta. La informaci\u00f3n proporcionada en este sitio es de car\u00e1cter general y puede no aplicarse a tu situaci\u00f3n espec\u00edfica. Debes consultar a un abogado para obtener asesoramiento adaptado a tus circunstancias. Los resultados de casos anteriores a los que se hace referencia en este sitio no garantizan resultados futuros. Cada asunto jur\u00eddico es \u00fanico, y los resultados dependen de los hechos concretos y de la legislaci\u00f3n aplicable. Limitaci\u00f3n jurisdiccional: Nuestro bufete est\u00e1 autorizado para ejercer la abogac\u00eda en el estado de California. Este sitio web no pretende solicitar clientes fuera de esta jurisdicci\u00f3n. Aviso sobre los derechos de autor: Todo el contenido de este sitio est\u00e1 protegido por derechos de autor y no puede ser reproducido sin permiso. Sitio web dise\u00f1ado por JurisDigital.","og_url":"https:\/\/www.peeralilaw.com\/es\/descargo-de-responsabilidad\/","og_site_name":"Peerali Law","article_modified_time":"2025-07-18T10:12:05+00:00","og_image":[{"width":512,"height":512,"url":"https:\/\/www.peeralilaw.com\/wp-content\/uploads\/2023\/03\/cropped-peerali-favicon.png","type":"image\/png"}],"twitter_card":"summary_large_image","twitter_misc":{"Tiempo de lectura":"1 minuto"},"schema":{"@context":"https:\/\/schema.org","@graph":[{"@type":"WebPage","@id":"https:\/\/www.peeralilaw.com\/es\/descargo-de-responsabilidad\/","url":"https:\/\/www.peeralilaw.com\/es\/descargo-de-responsabilidad\/","name":"Descargo de responsabilidad | Peerali Law","isPartOf":{"@id":"https:\/\/www.peeralilaw.com\/es\/#website"},"datePublished":"2025-01-14T01:32:25+00:00","dateModified":"2025-07-18T10:12:05+00:00","breadcrumb":{"@id":"https:\/\/www.peeralilaw.com\/es\/descargo-de-responsabilidad\/#breadcrumb"},"inLanguage":"es","potentialAction":[{"@type":"ReadAction","target":["https:\/\/www.peeralilaw.com\/es\/descargo-de-responsabilidad\/"]}]},{"@type":"BreadcrumbList","@id":"https:\/\/www.peeralilaw.com\/es\/descargo-de-responsabilidad\/#breadcrumb","itemListElement":[{"@type":"ListItem","position":1,"name":"Home","item":"https:\/\/www.peeralilaw.com\/es\/"},{"@type":"ListItem","position":2,"name":"Descargo de responsabilidad"}]},{"@type":"WebSite","@id":"https:\/\/www.peeralilaw.com\/es\/#website","url":"https:\/\/www.peeralilaw.com\/es\/","name":"Peerali Law","description":"","publisher":{"@id":"https:\/\/www.peeralilaw.com\/es\/#organization"},"potentialAction":[{"@type":"SearchAction","target":{"@type":"EntryPoint","urlTemplate":"https:\/\/www.peeralilaw.com\/es\/?s={search_term_string}"},"query-input":{"@type":"PropertyValueSpecification","valueRequired":true,"valueName":"search_term_string"}}],"inLanguage":"es"},{"@type":"Organization","@id":"https:\/\/www.peeralilaw.com\/es\/#organization","name":"Peerali Law","url":"https:\/\/www.peeralilaw.com\/es\/","logo":{"@type":"ImageObject","inLanguage":"es","@id":"https:\/\/www.peeralilaw.com\/es\/#\/schema\/logo\/image\/","url":"https:\/\/www.peeralilaw.com\/wp-content\/uploads\/2023\/03\/cropped-peerali-favicon.png","contentUrl":"https:\/\/www.peeralilaw.com\/wp-content\/uploads\/2023\/03\/cropped-peerali-favicon.png","width":512,"height":512,"caption":"Peerali Law"},"image":{"@id":"https:\/\/www.peeralilaw.com\/es\/#\/schema\/logo\/image\/"}}]}},"_links":{"self":[{"href":"https:\/\/www.peeralilaw.com\/es\/wp-json\/wp\/v2\/pages\/2629","targetHints":{"allow":["GET"]}}],"collection":[{"href":"https:\/\/www.peeralilaw.com\/es\/wp-json\/wp\/v2\/pages"}],"about":[{"href":"https:\/\/www.peeralilaw.com\/es\/wp-json\/wp\/v2\/types\/page"}],"author":[{"embeddable":true,"href":"https:\/\/www.peeralilaw.com\/es\/wp-json\/wp\/v2\/users\/5"}],"replies":[{"embeddable":true,"href":"https:\/\/www.peeralilaw.com\/es\/wp-json\/wp\/v2\/comments?post=2629"}],"version-history":[{"count":1,"href":"https:\/\/www.peeralilaw.com\/es\/wp-json\/wp\/v2\/pages\/2629\/revisions"}],"predecessor-version":[{"id":2630,"href":"https:\/\/www.peeralilaw.com\/es\/wp-json\/wp\/v2\/pages\/2629\/revisions\/2630"}],"wp:attachment":[{"href":"https:\/\/www.peeralilaw.com\/es\/wp-json\/wp\/v2\/media?parent=2629"}],"curies":[{"name":"wp","href":"https:\/\/api.w.org\/{rel}","templated":true}]}}